{"id":649,"date":"2019-07-10T11:46:33","date_gmt":"2019-07-10T11:46:33","guid":{"rendered":"http:\/\/forexfibonacci.es\/?page_id=649"},"modified":"2021-10-14T12:18:24","modified_gmt":"2021-10-14T12:18:24","slug":"traders-profesionales-de-chicago","status":"publish","type":"page","link":"https:\/\/forexfibonacci.es\/?page_id=649","title":{"rendered":"Traders profesionales de Chicago"},"content":{"rendered":"\n<div class=\"wp-block-image\"><figure class=\"alignright is-resized\"><img loading=\"lazy\" decoding=\"async\" src=\"https:\/\/forexfibonacci.es\/wp-content\/uploads\/2021\/10\/japon-1024x578.png\" alt=\"\" class=\"wp-image-1236\" width=\"295\" height=\"166\"\/><\/figure><\/div>\n\n\n\n<p>\u00bf C\u00f3mo operan la mayor\u00eda de los traders de Chicago en el mercado de divisas ? <\/p>\n\n\n\n<p>A trav\u00e9s de la fortaleza de las divisas.  <\/p>\n\n\n\n<p>\u00bf Y c\u00f3mo detectar la fortaleza de las divisas?<\/p>\n\n\n\n<p>Cada trader utiliza su propio m\u00e9todo para detectar qu\u00e9 divisas est\u00e1n m\u00e1s fuertes durante una sesi\u00f3n e invertir a favor de ellas.<\/p>\n\n\n\n<p>\u00bfC\u00f3mo lo hacemos nosotros?<\/p>\n\n\n\n<p>En Forexfibonacci.es hemos dise\u00f1ado el indicador KTS, que nos muestra de forma resumida qu\u00e9 pares y en qu\u00e9 direcci\u00f3n operar cada d\u00eda. Con esta informaci\u00f3n ya tenemos fijadas las 2 variables m\u00e1s importantes : PAR + DIRECCI\u00d3N EN EL D\u00cdA . <\/p>\n\n\n\n<p>\u00bf Qu\u00e9 nos falta por analizar si el indicador nos fija autom\u00e1ticamente las 2 principales variables ? SABER SI EL PRECIO SE EST\u00c1 MOVIENDO EN TENDENCIA O EN RANGO. Para ello utilizamos ICHIMOKU KINKO HYO. <\/p>\n\n\n\n<p>\u00bf C\u00f3mo podemos utilizar KTS?<\/p>\n\n\n\n<p>KTS actualmente no se encuentra disponible para uso particular. Si deseas m\u00e1s informaci\u00f3n al respecto puedes ponerte en contacto a trav\u00e9s de  <a href=\"http:\/\/forexfibonacci.es\/?page_id=302\">http:\/\/forexfibonacci.es\/?page_id=302<\/a> .<\/p>\n","protected":false},"excerpt":{"rendered":"<p>\u00bf C\u00f3mo operan la mayor\u00eda de los traders de Chicago en el mercado de divisas ? A trav\u00e9s de la fortaleza de las divisas. \u00bf Y c\u00f3mo detectar la fortaleza de las divisas? Cada trader utiliza su propio m\u00e9todo para detectar qu\u00e9 divisas est\u00e1n m\u00e1s fuertes durante una sesi\u00f3n e invertir a favor de ellas.&hellip;&nbsp;<a href=\"https:\/\/forexfibonacci.es\/?page_id=649\" class=\"\" rel=\"bookmark\">Leer m\u00e1s &raquo;<span class=\"screen-reader-text\">Traders profesionales de Chicago<\/span><\/a><\/p>\n","protected":false},"author":1,"featured_media":0,"parent":0,"menu_order":0,"comment_status":"closed","ping_status":"closed","template":"page-templates\/page_fullwidth.php","meta":{"neve_meta_sidebar":"","neve_meta_container":"","neve_meta_enable_content_width":"","neve_meta_content_width":0,"neve_meta_title_alignment":"","neve_meta_author_avatar":"","neve_post_elements_order":"","neve_meta_disable_header":"","neve_meta_disable_footer":"","neve_meta_disable_title":"","_themeisle_gutenberg_block_has_review":false,"iawp_total_views":0,"footnotes":""},"_links":{"self":[{"href":"https:\/\/forexfibonacci.es\/index.php?rest_route=\/wp\/v2\/pages\/649"}],"collection":[{"href":"https:\/\/forexfibonacci.es\/index.php?rest_route=\/wp\/v2\/pages"}],"about":[{"href":"https:\/\/forexfibonacci.es\/index.php?rest_route=\/wp\/v2\/types\/page"}],"author":[{"embeddable":true,"href":"https:\/\/forexfibonacci.es\/index.php?rest_route=\/wp\/v2\/users\/1"}],"replies":[{"embeddable":true,"href":"https:\/\/forexfibonacci.es\/index.php?rest_route=%2Fwp%2Fv2%2Fcomments&post=649"}],"version-history":[{"count":15,"href":"https:\/\/forexfibonacci.es\/index.php?rest_route=\/wp\/v2\/pages\/649\/revisions"}],"predecessor-version":[{"id":1248,"href":"https:\/\/forexfibonacci.es\/index.php?rest_route=\/wp\/v2\/pages\/649\/revisions\/1248"}],"wp:attachment":[{"href":"https:\/\/forexfibonacci.es\/index.php?rest_route=%2Fwp%2Fv2%2Fmedia&parent=649"}],"curies":[{"name":"wp","href":"https:\/\/api.w.org\/{rel}","templated":true}]}}