{"id":3312,"date":"2024-06-20T10:37:46","date_gmt":"2024-06-20T10:37:46","guid":{"rendered":"https:\/\/forexfibonacci.es\/?page_id=3312"},"modified":"2026-04-20T04:46:58","modified_gmt":"2026-04-20T04:46:58","slug":"quien-es-ivo","status":"publish","type":"page","link":"https:\/\/forexfibonacci.es\/?page_id=3312","title":{"rendered":""},"content":{"rendered":"\n<div id=\"wp-block-themeisle-blocks-advanced-columns-2c60bc77\" class=\"wp-block-themeisle-blocks-advanced-columns alignfull has-1-columns has-desktop-equal-layout has-tablet-equal-layout has-mobile-collapsedRows-layout has-reverse-columns-mobile has-vertical-center ticss-c00aadba\"><div class=\"wp-block-themeisle-blocks-advanced-columns-overlay\"><\/div><div class=\"innerblocks-wrap\">\n<div id=\"wp-block-themeisle-blocks-advanced-column-75b9263d\" class=\"wp-block-themeisle-blocks-advanced-column\">\n<div style=\"height:100px\" aria-hidden=\"true\" class=\"wp-block-spacer\"><\/div>\n\n\n\n<h1 id=\"wp-block-themeisle-blocks-advanced-heading-5d5675df\" class=\"wp-block-themeisle-blocks-advanced-heading wp-block-themeisle-blocks-advanced-heading-5d5675df\">Qui\u00e9n es IVO<\/h1>\n\n\n\n<p id=\"wp-block-themeisle-blocks-advanced-heading-40ecd43d\" class=\"wp-block-themeisle-blocks-advanced-heading wp-block-themeisle-blocks-advanced-heading-40ecd43d\">  TRADING ALGOR\u00cdTMICO<\/p>\n\n\n\n<div style=\"height:100px\" aria-hidden=\"true\" class=\"wp-block-spacer\"><\/div>\n<\/div>\n<\/div><\/div>\n\n\n\n<div class=\"wp-block-columns is-layout-flex wp-container-core-columns-is-layout-2 wp-block-columns-is-layout-flex\" style=\"padding-top:var(--wp--preset--spacing--70);padding-right:0;padding-bottom:var(--wp--preset--spacing--70);padding-left:0\">\n<div class=\"wp-block-column has-nv-light-bg-background-color has-background is-layout-flow wp-block-column-is-layout-flow\" style=\"padding-right:var(--wp--preset--spacing--80);padding-left:var(--wp--preset--spacing--80)\">\n<div class=\"wp-block-columns is-layout-flex wp-container-core-columns-is-layout-1 wp-block-columns-is-layout-flex\">\n<div class=\"wp-block-column is-layout-flow wp-block-column-is-layout-flow\">\n<h2 class=\"wp-block-heading alignwide\">IVO<\/h2>\n\n\n\n<p><\/p>\n\n\n\n<p><strong>IVO es un sistema de trading<\/strong> desarrollado por nosotros que est\u00e1 disponible para <strong>copy trading<\/strong> de forex, acciones y futuros a trav\u00e9s del br\u00f3ker <a href=\"https:\/\/www.darwinex.com\/es\/darwin\/IVO\" data-type=\"link\" data-id=\"https:\/\/www.darwinex.com\/es\/darwin\/IVO\" target=\"_blank\" rel=\"noreferrer noopener\"><strong>Darwinex<\/strong>  <\/a>y para criptomonedas a trav\u00e9s del <a href=\"https:\/\/partner.bitget.com\/bg\/6aqpw9uk\" data-type=\"link\" data-id=\"https:\/\/partner.bitget.com\/bg\/6aqpw9uk\" target=\"_blank\" rel=\"noreferrer noopener\"><strong>Exchange Bitget<\/strong><\/a> , y que replica las operaciones que nuestro sistema realiza en nuestra cuenta personal del Br\u00f3ker o Exchange.<\/p>\n\n\n\n<p>En IVO hemos dise\u00f1ado un sistema algor\u00edtmico que se basa principalmente en la volatilidad y las matem\u00e1ticas para tomar posiciones de entrada y salida en los mercados.<\/p>\n\n\n\n<p><\/p>\n\n\n\n<h3 class=\"wp-block-heading alignwide\">\u00bfQu\u00e9 es el trading algor\u00edtmico?<\/h3>\n\n\n\n<p>El trading algor\u00edtmico te permite utilizar c\u00f3digos y software inform\u00e1ticos para abrir y cerrar posiciones de acuerdo con reglas establecidas, como los movimientos de precio en un mercado subyacente. <\/p>\n\n\n\n<p>Una vez que las condiciones actuales del mercado se correspondan con un criterio predeterminado, los algoritmos de trading pueden ejecutar \u00f3rdenes de compra o venta en tu nombre, lo que te permite ahorrar tiempo al eliminar la necesidad de analizar los mercados de manera manual.<\/p>\n<\/div>\n\n\n\n<div class=\"wp-block-column is-layout-flow wp-block-column-is-layout-flow\">\n<h3 class=\"wp-block-heading\">\u00bfC\u00f3mo invertir en IVO?<\/h3>\n\n\n\n<p>Para poder hacer <strong>copy trading<\/strong> de <strong>Forex, Acciones y Futuros <\/strong>, debes ir al br\u00f3ker <a href=\"https:\/\/www.darwinex.com\/es\/darwin\/IVO\" target=\"_blank\" rel=\"noreferrer noopener\"><strong>Darwinex<\/strong><\/a> , crearte una cuenta y seleccionar nuestro \u00edndice.<\/p>\n\n\n\n<p>Y para <strong>copy trading<\/strong> de <strong>criptomonedas<\/strong> a trav\u00e9s del <a href=\"https:\/\/partner.bitget.com\/bg\/6aqpw9uk\" data-type=\"link\" data-id=\"https:\/\/partner.bitget.com\/bg\/6aqpw9uk\" target=\"_blank\" rel=\"noreferrer noopener\"><strong>Exchange Bitget<\/strong><\/a> ( 5 mayor Exchange del mundo ) , donde registr\u00e1ndote a trav\u00e9s de este enlace , recibir\u00e1s un descuento en comisiones del 20%.<\/p>\n\n\n\n<h3 class=\"wp-block-heading\">Br\u00f3ker Darwinex<\/h3>\n\n\n\n<p>Darwinex es el nombre comercial que usa Tradeslide Trading Tech Limited para ejercer su actividad. Es un br\u00f3ker y gestora regulado por la Financial Conduct Authority (FCA) del Reino Unido con n\u00famero de registro 586466. Recientemente, en junio 2022, ha obtenido la regulaci\u00f3n de la CNMV.<\/p>\n\n\n\n<p>Dato importante. Darwinex ofrece a los inversores una protecci\u00f3n de dep\u00f3sito hasta \u00a31M, en lugar de los \u00a385k que por defecto cubre el fondo de cobertura del Reino Unido (FSCS).<\/p>\n\n\n\n<p>Darwinex destaca por su tecnolog\u00eda que ayuda a los traders a desarrollar sus habilidades y <strong>construir un track record certificado.<\/strong> Su tecnolog\u00eda va de la mano con el mercado, permitiendo a los traders cobrar un 15% de comisi\u00f3n por \u00e9xito bajo cobertura legal.Darwinex exige un saldo m\u00ednimo para abrir cuenta de 500 EUR\/USD\/GBP, pero es posible invertir en cualquier Darwin a partir de 200 EUR\/USD\/GBP.<\/p>\n\n\n\n<p><\/p>\n<\/div>\n<\/div>\n\n\n<div class=\"wp-block-image\">\n<figure class=\"aligncenter size-large\"><a href=\"https:\/\/www.darwinex.com\/es\/account\/D.261859\" target=\"_blank\" rel=\"noreferrer noopener\"><img loading=\"lazy\" decoding=\"async\" width=\"1024\" height=\"422\" src=\"https:\/\/forexfibonacci.es\/wp-content\/uploads\/2026\/04\/IVO-1024x422.png\" alt=\"\" class=\"wp-image-5407\" srcset=\"https:\/\/forexfibonacci.es\/wp-content\/uploads\/2026\/04\/IVO-1024x422.png 1024w, https:\/\/forexfibonacci.es\/wp-content\/uploads\/2026\/04\/IVO-300x124.png 300w, https:\/\/forexfibonacci.es\/wp-content\/uploads\/2026\/04\/IVO-768x317.png 768w, https:\/\/forexfibonacci.es\/wp-content\/uploads\/2026\/04\/IVO.png 1527w\" sizes=\"(max-width: 1024px) 100vw, 1024px\" \/><\/a><\/figure><\/div><\/div>\n\n\n\n<div class=\"wp-block-column is-layout-flow wp-block-column-is-layout-flow\">\n<div class=\"wp-block-cover alignfull wp-duotone-000000-rgb6288225-2\" style=\"margin-top:0;padding-top:48px;padding-right:48px;padding-bottom:48px;padding-left:48px;min-height:100vh;aspect-ratio:unset;\"><span aria-hidden=\"true\" class=\"wp-block-cover__background has-background-dim-30 has-background-dim\" style=\"background-color:#37321c\"><\/span><img loading=\"lazy\" decoding=\"async\" width=\"800\" height=\"600\" class=\"wp-block-cover__image-background wp-image-4955\" alt=\"\" src=\"https:\/\/forexfibonacci.es\/wp-content\/uploads\/2024\/11\/darwinex_portada-edited.webp\" data-object-fit=\"cover\" srcset=\"https:\/\/forexfibonacci.es\/wp-content\/uploads\/2024\/11\/darwinex_portada-edited.webp 800w, https:\/\/forexfibonacci.es\/wp-content\/uploads\/2024\/11\/darwinex_portada-edited-300x225.webp 300w, https:\/\/forexfibonacci.es\/wp-content\/uploads\/2024\/11\/darwinex_portada-edited-768x576.webp 768w\" sizes=\"(max-width: 800px) 100vw, 800px\" \/><div class=\"wp-block-cover__inner-container is-layout-flow wp-block-cover-is-layout-flow\">\n<div class=\"wp-block-group alignwide\"><div class=\"wp-block-group__inner-container is-layout-constrained wp-block-group-is-layout-constrained\">\n<h2 id=\"wp-block-themeisle-blocks-advanced-heading-f69ebc7f\" class=\"wp-block-themeisle-blocks-advanced-heading wp-block-themeisle-blocks-advanced-heading-f69ebc7f\"> Invierte<\/h2>\n\n\n\n<h2 id=\"wp-block-themeisle-blocks-advanced-heading-88e9ee57\" class=\"wp-block-themeisle-blocks-advanced-heading wp-block-themeisle-blocks-advanced-heading-88e9ee57\"> <\/h2>\n\n\n\n<h4 class=\"wp-block-heading has-text-align-center has-white-color has-text-color\" style=\"font-size:47px;font-style:normal;font-weight:700;letter-spacing:0px;line-height:1;text-transform:uppercase\">SP500 , NASDAQ , ORO<\/h4>\n\n\n\n<p class=\"has-text-align-center has-white-color has-text-color has-large-font-size\"><\/p>\n\n\n\n<p><\/p>\n\n\n\n<p class=\"has-text-align-center has-nv-site-bg-color has-text-color has-link-color has-medium-font-size wp-elements-0c751deec132b1d7baa5247726cbdaac\">&nbsp;TRACK RECORD AUDITADO por el Br\u00f3ker Darwinex <\/p>\n<\/div><\/div>\n\n\n\n<div class=\"wp-block-buttons is-content-justification-center is-nowrap is-layout-flex wp-container-core-buttons-is-layout-1 wp-block-buttons-is-layout-flex\">\n<div class=\"wp-block-button is-style-primary\"><a class=\"wp-block-button__link has-nv-dark-bg-color has-nv-light-bg-background-color has-text-color has-background has-link-color wp-element-button\" href=\"https:\/\/www.darwinex.com\/es\/account\/D.261859\" target=\"_blank\" rel=\"noreferrer noopener\">LINK AQUI<\/a><\/div>\n<\/div>\n\n\n\n<p><\/p>\n\n\n\n<figure class=\"wp-block-gallery has-nested-images columns-default is-cropped wp-block-gallery-1 is-layout-flex wp-block-gallery-is-layout-flex\">\n<figure class=\"wp-block-image size-full\"><img loading=\"lazy\" decoding=\"async\" width=\"1297\" height=\"553\" src=\"https:\/\/forexfibonacci.es\/wp-content\/uploads\/2024\/07\/bull-and-bear-on-a-financial-newspaper-3d-illustration-bulle-und-br-W645KH_edited.jpg\" alt=\"\" class=\"wp-image-4629\" srcset=\"https:\/\/forexfibonacci.es\/wp-content\/uploads\/2024\/07\/bull-and-bear-on-a-financial-newspaper-3d-illustration-bulle-und-br-W645KH_edited.jpg 1297w, https:\/\/forexfibonacci.es\/wp-content\/uploads\/2024\/07\/bull-and-bear-on-a-financial-newspaper-3d-illustration-bulle-und-br-W645KH_edited-300x128.jpg 300w, https:\/\/forexfibonacci.es\/wp-content\/uploads\/2024\/07\/bull-and-bear-on-a-financial-newspaper-3d-illustration-bulle-und-br-W645KH_edited-1024x437.jpg 1024w, https:\/\/forexfibonacci.es\/wp-content\/uploads\/2024\/07\/bull-and-bear-on-a-financial-newspaper-3d-illustration-bulle-und-br-W645KH_edited-768x327.jpg 768w\" sizes=\"(max-width: 1297px) 100vw, 1297px\" \/><\/figure>\n<\/figure>\n<\/div><\/div>\n<\/div>\n<\/div>\n\n\n\n<div id=\"wp-block-themeisle-blocks-advanced-columns-19f4bc48\" class=\"wp-block-themeisle-blocks-advanced-columns has-1-columns has-desktop-equal-layout has-tablet-equal-layout has-mobile-equal-layout has-vertical-unset\"><div class=\"wp-block-themeisle-blocks-advanced-columns-overlay\"><\/div><div class=\"innerblocks-wrap\">\n<div id=\"wp-block-themeisle-blocks-advanced-column-ff812a13\" class=\"wp-block-themeisle-blocks-advanced-column\">\n<div id=\"wp-block-themeisle-blocks-advanced-columns-d87d87fb\" class=\"wp-block-themeisle-blocks-advanced-columns alignfull has-1-columns has-desktop-equal-layout has-tablet-equal-layout has-mobile-collapsedRows-layout has-vertical-center ticss-c00aadba\"><div class=\"wp-block-themeisle-blocks-advanced-columns-overlay\"><\/div><div class=\"innerblocks-wrap\">\n<div id=\"wp-block-themeisle-blocks-advanced-column-60dad16e\" class=\"wp-block-themeisle-blocks-advanced-column\">\n<div id=\"wp-block-themeisle-blocks-advanced-columns-d2e20cf0\" class=\"wp-block-themeisle-blocks-advanced-columns has-1-columns has-desktop-equal-layout has-tablet-equal-layout has-mobile-equal-layout has-vertical-center\"><div class=\"wp-block-themeisle-blocks-advanced-columns-overlay\"><\/div><div class=\"innerblocks-wrap\">\n<div id=\"wp-block-themeisle-blocks-advanced-column-05d18d48\" class=\"wp-block-themeisle-blocks-advanced-column has-light-bg\">\n<h3 id=\"wp-block-themeisle-blocks-advanced-heading-a0f1691e\" class=\"wp-block-themeisle-blocks-advanced-heading wp-block-themeisle-blocks-advanced-heading-a0f1691e has-dark-bg\">Nuestro Team principal<\/h3>\n\n\n\n<pre id=\"tw-target-text\" class=\"wp-block-preformatted\" style=\"padding-top:0;padding-right:var(--wp--preset--spacing--80);padding-bottom:0;padding-left:var(--wp--preset--spacing--80);font-size:17px;font-style:normal;font-weight:500\">            El todo es mucho m\u00e1s que la suma de sus partes. \u00a1Conoce a nuestro equipo!<\/pre>\n<\/div>\n<\/div><\/div>\n\n\n<div class=\"wp-block-image\">\n<figure class=\"aligncenter size-large\"><img loading=\"lazy\" decoding=\"async\" width=\"1024\" height=\"768\" src=\"https:\/\/forexfibonacci.es\/wp-content\/uploads\/2026\/04\/fotoJJ_Vero-1024x768.png\" alt=\"\" class=\"wp-image-5404\" srcset=\"https:\/\/forexfibonacci.es\/wp-content\/uploads\/2026\/04\/fotoJJ_Vero-1024x768.png 1024w, https:\/\/forexfibonacci.es\/wp-content\/uploads\/2026\/04\/fotoJJ_Vero-300x225.png 300w, https:\/\/forexfibonacci.es\/wp-content\/uploads\/2026\/04\/fotoJJ_Vero-768x576.png 768w, https:\/\/forexfibonacci.es\/wp-content\/uploads\/2026\/04\/fotoJJ_Vero.png 1194w\" sizes=\"(max-width: 1024px) 100vw, 1024px\" \/><\/figure><\/div>\n\n\n<div id=\"wp-block-themeisle-blocks-advanced-columns-be71e345\" class=\"wp-block-themeisle-blocks-advanced-columns has-1-columns has-desktop-equal-layout has-tablet-twoColumnGrid-layout has-mobile-collapsedRows-layout has-vertical-top\"><div class=\"wp-block-themeisle-blocks-advanced-columns-overlay\"><\/div><div class=\"innerblocks-wrap\">\n<div id=\"wp-block-themeisle-blocks-advanced-column-e373838a\" class=\"wp-block-themeisle-blocks-advanced-column\">\n<h3 id=\"wp-block-themeisle-blocks-advanced-heading-a0f377e3\" class=\"wp-block-themeisle-blocks-advanced-heading wp-block-themeisle-blocks-advanced-heading-a0f377e3\">Juan Jos\u00e9 Mesado y Ver\u00f3nica Garc\u00eda<\/h3>\n\n\n\n<div id=\"wp-block-themeisle-blocks-advanced-columns-aa12417b\" class=\"wp-block-themeisle-blocks-advanced-columns has-1-columns has-desktop-equal-layout has-tablet-equal-layout has-mobile-equal-layout has-vertical-unset\"><div class=\"wp-block-themeisle-blocks-advanced-columns-overlay\"><\/div><div class=\"innerblocks-wrap\">\n<div id=\"wp-block-themeisle-blocks-advanced-column-cabc5b02\" class=\"wp-block-themeisle-blocks-advanced-column\"><\/div>\n<\/div><\/div>\n\n\n\n<p id=\"wp-block-themeisle-blocks-advanced-heading-22009bd8\" class=\"wp-block-themeisle-blocks-advanced-heading wp-block-themeisle-blocks-advanced-heading-22009bd8\"><strong>CEO \/<\/strong> <strong>CMO<\/strong><\/p>\n\n\n\n<p class=\"has-text-align-center\">Juan Jos\u00e9 Mesado es Ingeniero de inform\u00e1tica. Se inici\u00f3 profesionalmente en los mercados financieros en 1997 como trader por cuenta propia, donde participo en el torneo anual del peri\u00f3dico Expansi\u00f3n (Espa\u00f1a), quedando clasificado en decima posici\u00f3n de un total de 350 equipos a nivel internacional. A ra\u00edz de su participaci\u00f3n en el torneo se especializo en inteligencia artificial (IA) y Trading Algor\u00edtmico. En la actualidad gestiona dos \u00edndices burs\u00e1tiles en el br\u00f3ker Darwinex llamados IVO y JJMT.<\/p>\n\n\n\n<div id=\"wp-block-themeisle-blocks-advanced-columns-bb9c0428\" class=\"wp-block-themeisle-blocks-advanced-columns has-2-columns has-desktop-equal-layout has-tablet-equal-layout has-mobile-collapsedRows-layout has-vertical-center\"><div class=\"wp-block-themeisle-blocks-advanced-columns-overlay\"><\/div><div class=\"innerblocks-wrap\">\n<div id=\"wp-block-themeisle-blocks-advanced-column-301f3332\" class=\"wp-block-themeisle-blocks-advanced-column\"><div class=\"wp-block-image\">\n<figure class=\"alignright size-large has-custom-border\"><img loading=\"lazy\" decoding=\"async\" width=\"1024\" height=\"768\" src=\"https:\/\/forexfibonacci.es\/wp-content\/uploads\/2024\/07\/20240716_105101-1024x768.jpg\" alt=\"\" class=\"wp-image-4606\" style=\"border-style:none;border-width:0px\" srcset=\"https:\/\/forexfibonacci.es\/wp-content\/uploads\/2024\/07\/20240716_105101-1024x768.jpg 1024w, https:\/\/forexfibonacci.es\/wp-content\/uploads\/2024\/07\/20240716_105101-300x225.jpg 300w, https:\/\/forexfibonacci.es\/wp-content\/uploads\/2024\/07\/20240716_105101-768x576.jpg 768w, https:\/\/forexfibonacci.es\/wp-content\/uploads\/2024\/07\/20240716_105101-1536x1152.jpg 1536w, https:\/\/forexfibonacci.es\/wp-content\/uploads\/2024\/07\/20240716_105101-2048x1536.jpg 2048w\" sizes=\"(max-width: 1024px) 100vw, 1024px\" \/><\/figure><\/div><\/div>\n\n\n\n<div id=\"wp-block-themeisle-blocks-advanced-column-e3edf7bd\" class=\"wp-block-themeisle-blocks-advanced-column\"><div class=\"wp-block-image\">\n<figure class=\"alignright size-large has-custom-border\"><img loading=\"lazy\" decoding=\"async\" width=\"1024\" height=\"768\" src=\"https:\/\/forexfibonacci.es\/wp-content\/uploads\/2024\/07\/20240716_105107-1024x768.jpg\" alt=\"\" class=\"wp-image-4607\" style=\"border-style:none;border-width:0px\" srcset=\"https:\/\/forexfibonacci.es\/wp-content\/uploads\/2024\/07\/20240716_105107-1024x768.jpg 1024w, https:\/\/forexfibonacci.es\/wp-content\/uploads\/2024\/07\/20240716_105107-300x225.jpg 300w, https:\/\/forexfibonacci.es\/wp-content\/uploads\/2024\/07\/20240716_105107-768x576.jpg 768w, https:\/\/forexfibonacci.es\/wp-content\/uploads\/2024\/07\/20240716_105107-1536x1152.jpg 1536w, https:\/\/forexfibonacci.es\/wp-content\/uploads\/2024\/07\/20240716_105107-2048x1536.jpg 2048w\" sizes=\"(max-width: 1024px) 100vw, 1024px\" \/><\/figure><\/div><\/div>\n<\/div><\/div>\n\n\n\n<div class=\"wp-block-wpzoom-blocks-social-icons is-style-with-canvas-round\" style=\"--wpz-social-icons-block-item-font-size:18px;--wpz-social-icons-block-item-padding-horizontal:6px;--wpz-social-icons-block-item-padding-vertical:6px;--wpz-social-icons-block-item-margin-horizontal:5px;--wpz-social-icons-block-item-margin-vertical:5px;--wpz-social-icons-block-item-border-radius:50px;--wpz-social-icons-block-label-font-size:16px;--wpz-social-icons-block-label-color:#2e3131;--wpz-social-icons-block-label-color-hover:#2e3131;--wpz-social-icons-alignment:center\"><a href=\"https:\/\/x.com\/jmesadot\" class=\"social-icon-link\" title=\"X\" style=\"--wpz-social-icons-block-item-color:#000000;--wpz-social-icons-block-item-color-hover:#000000\"><span class=\"social-icon socicon socicon-x\"><\/span><\/a><a href=\"https:\/\/www.instagram.com\/forexfibonacci.ivo\/\" class=\"social-icon-link\" title=\"Instagram\" style=\"--wpz-social-icons-block-item-color:#E4405F;--wpz-social-icons-block-item-color-hover:#E4405F\"><span class=\"social-icon socicon socicon-instagram\"><\/span><\/a><a href=\"https:\/\/www.linkedin.com\/in\/juan-jos%C3%A9-mesado-terol-308b28182\/\" class=\"social-icon-link\" title=\"Linkedin\" style=\"--wpz-social-icons-block-item-color:#0866FF;--wpz-social-icons-block-item-color-hover:#0866FF\"><span class=\"social-icon socicon socicon-linkedin\"><\/span><\/a><\/div>\n<\/div>\n<\/div><\/div>\n<\/div>\n<\/div><\/div>\n<\/div>\n<\/div><\/div>\n\n\n\n<div id=\"wp-block-themeisle-blocks-advanced-columns-5b9c7af4\" class=\"wp-block-themeisle-blocks-advanced-columns has-1-columns has-desktop-equal-layout has-tablet-equal-layout has-mobile-collapsedRows-layout has-vertical-unset\"><div class=\"wp-block-themeisle-blocks-advanced-columns-overlay\"><\/div><div class=\"innerblocks-wrap\">\n<div id=\"wp-block-themeisle-blocks-advanced-column-cebded2b\" class=\"wp-block-themeisle-blocks-advanced-column\"><\/div>\n<\/div><\/div>\n","protected":false},"excerpt":{"rendered":"<p>IVO IVO es un sistema de trading desarrollado por nosotros que est\u00e1 disponible para copy trading de forex, acciones y futuros a trav\u00e9s del br\u00f3ker Darwinex y para criptomonedas a trav\u00e9s del Exchange Bitget , y que replica las operaciones que nuestro sistema realiza en nuestra cuenta personal del Br\u00f3ker o Exchange. En IVO hemos&hellip;&nbsp;<a href=\"https:\/\/forexfibonacci.es\/?page_id=3312\" class=\"\" rel=\"bookmark\">Leer m\u00e1s &raquo;<span class=\"screen-reader-text\"><\/span><\/a><\/p>\n","protected":false},"author":1,"featured_media":0,"parent":0,"menu_order":0,"comment_status":"closed","ping_status":"closed","template":"","meta":{"neve_meta_sidebar":"","neve_meta_container":"full-width","neve_meta_enable_content_width":"","neve_meta_content_width":0,"neve_meta_title_alignment":"","neve_meta_author_avatar":"","neve_post_elements_order":"","neve_meta_disable_header":"","neve_meta_disable_footer":"","neve_meta_disable_title":"","_themeisle_gutenberg_block_has_review":false,"iawp_total_views":92,"footnotes":""},"_links":{"self":[{"href":"https:\/\/forexfibonacci.es\/index.php?rest_route=\/wp\/v2\/pages\/3312"}],"collection":[{"href":"https:\/\/forexfibonacci.es\/index.php?rest_route=\/wp\/v2\/pages"}],"about":[{"href":"https:\/\/forexfibonacci.es\/index.php?rest_route=\/wp\/v2\/types\/page"}],"author":[{"embeddable":true,"href":"https:\/\/forexfibonacci.es\/index.php?rest_route=\/wp\/v2\/users\/1"}],"replies":[{"embeddable":true,"href":"https:\/\/forexfibonacci.es\/index.php?rest_route=%2Fwp%2Fv2%2Fcomments&post=3312"}],"version-history":[{"count":151,"href":"https:\/\/forexfibonacci.es\/index.php?rest_route=\/wp\/v2\/pages\/3312\/revisions"}],"predecessor-version":[{"id":5413,"href":"https:\/\/forexfibonacci.es\/index.php?rest_route=\/wp\/v2\/pages\/3312\/revisions\/5413"}],"wp:attachment":[{"href":"https:\/\/forexfibonacci.es\/index.php?rest_route=%2Fwp%2Fv2%2Fmedia&parent=3312"}],"curies":[{"name":"wp","href":"https:\/\/api.w.org\/{rel}","templated":true}]}}